{"id":521,"date":"2023-07-30T13:17:16","date_gmt":"2023-07-30T17:17:16","guid":{"rendered":"https:\/\/aetsolutions.ca\/cybersecurity-copy\/"},"modified":"2025-10-02T08:56:05","modified_gmt":"2025-10-02T12:56:05","slug":"cybersecurite","status":"publish","type":"page","link":"https:\/\/aetsolutions.ca\/fr\/cybersecurite\/","title":{"rendered":"Cybers\u00e9curit\u00e9"},"content":{"rendered":"","protected":false},"excerpt":{"rendered":"","protected":false},"author":1,"featured_media":784,"parent":0,"menu_order":0,"comment_status":"closed","ping_status":"closed","template":"page--cybersecurity.php","meta":{"_acf_changed":false,"footnotes":""},"class_list":["post-521","page","type-page","status-publish","has-post-thumbnail","hentry"],"acf":[],"yoast_head":"<!-- This site is optimized with the Yoast SEO plugin v27.3 - https:\/\/yoast.com\/product\/yoast-seo-wordpress\/ -->\n<title>Cybers\u00e9curit\u00e9 | AET Solutions - Des solutions informatiques fiables et s\u00fbres<\/title>\n<meta name=\"description\" content=\"Protection concr\u00e8te pour PME : audits, EDR, filtrage DNS\/pourriels, formation et gestion des mots de passe. Commencez par un bilan rapide.\" \/>\n<meta name=\"robots\" content=\"index, follow, max-snippet:-1, max-image-preview:large, max-video-preview:-1\" \/>\n<link rel=\"canonical\" href=\"https:\/\/aetsolutions.ca\/fr\/cybersecurite\/\" \/>\n<meta property=\"og:locale\" content=\"fr_FR\" \/>\n<meta property=\"og:type\" content=\"article\" \/>\n<meta property=\"og:title\" content=\"Cybers\u00e9curit\u00e9 | AET Solutions - Des solutions informatiques fiables et s\u00fbres\" \/>\n<meta property=\"og:description\" content=\"Protection concr\u00e8te pour PME : audits, EDR, filtrage DNS\/pourriels, formation et gestion des mots de passe. Commencez par un bilan rapide.\" \/>\n<meta property=\"og:url\" content=\"https:\/\/aetsolutions.ca\/fr\/cybersecurite\/\" \/>\n<meta property=\"og:site_name\" content=\"AET Solutions\" \/>\n<meta property=\"article:modified_time\" content=\"2025-10-02T12:56:05+00:00\" \/>\n<meta property=\"og:image\" content=\"https:\/\/aetsolutions.ca\/wp-content\/uploads\/2023\/08\/social.jpg\" \/>\n\t<meta property=\"og:image:width\" content=\"1921\" \/>\n\t<meta property=\"og:image:height\" content=\"1081\" \/>\n\t<meta property=\"og:image:type\" content=\"image\/jpeg\" \/>\n<meta name=\"twitter:card\" content=\"summary_large_image\" \/>\n<!-- \/ Yoast SEO plugin. -->","yoast_head_json":{"title":"Cybers\u00e9curit\u00e9 | AET Solutions - Des solutions informatiques fiables et s\u00fbres","description":"Protection concr\u00e8te pour PME : audits, EDR, filtrage DNS\/pourriels, formation et gestion des mots de passe. Commencez par un bilan rapide.","robots":{"index":"index","follow":"follow","max-snippet":"max-snippet:-1","max-image-preview":"max-image-preview:large","max-video-preview":"max-video-preview:-1"},"canonical":"https:\/\/aetsolutions.ca\/fr\/cybersecurite\/","og_locale":"fr_FR","og_type":"article","og_title":"Cybers\u00e9curit\u00e9 | AET Solutions - Des solutions informatiques fiables et s\u00fbres","og_description":"Protection concr\u00e8te pour PME : audits, EDR, filtrage DNS\/pourriels, formation et gestion des mots de passe. Commencez par un bilan rapide.","og_url":"https:\/\/aetsolutions.ca\/fr\/cybersecurite\/","og_site_name":"AET Solutions","article_modified_time":"2025-10-02T12:56:05+00:00","og_image":[{"width":1921,"height":1081,"url":"https:\/\/aetsolutions.ca\/wp-content\/uploads\/2023\/08\/social.jpg","type":"image\/jpeg"}],"twitter_card":"summary_large_image","schema":{"@context":"https:\/\/schema.org","@graph":[{"@type":"WebPage","@id":"https:\/\/aetsolutions.ca\/fr\/cybersecurite\/","url":"https:\/\/aetsolutions.ca\/fr\/cybersecurite\/","name":"Cybers\u00e9curit\u00e9 | AET Solutions - Des solutions informatiques fiables et s\u00fbres","isPartOf":{"@id":"https:\/\/aetsolutions.ca\/fr\/#website"},"primaryImageOfPage":{"@id":"https:\/\/aetsolutions.ca\/fr\/cybersecurite\/#primaryimage"},"image":{"@id":"https:\/\/aetsolutions.ca\/fr\/cybersecurite\/#primaryimage"},"thumbnailUrl":"https:\/\/aetsolutions.ca\/wp-content\/uploads\/2023\/08\/social.jpg","datePublished":"2023-07-30T17:17:16+00:00","dateModified":"2025-10-02T12:56:05+00:00","description":"Protection concr\u00e8te pour PME : audits, EDR, filtrage DNS\/pourriels, formation et gestion des mots de passe. Commencez par un bilan rapide.","breadcrumb":{"@id":"https:\/\/aetsolutions.ca\/fr\/cybersecurite\/#breadcrumb"},"inLanguage":"fr-FR","potentialAction":[{"@type":"ReadAction","target":["https:\/\/aetsolutions.ca\/fr\/cybersecurite\/"]}]},{"@type":"ImageObject","inLanguage":"fr-FR","@id":"https:\/\/aetsolutions.ca\/fr\/cybersecurite\/#primaryimage","url":"https:\/\/aetsolutions.ca\/wp-content\/uploads\/2023\/08\/social.jpg","contentUrl":"https:\/\/aetsolutions.ca\/wp-content\/uploads\/2023\/08\/social.jpg","width":1921,"height":1081},{"@type":"BreadcrumbList","@id":"https:\/\/aetsolutions.ca\/fr\/cybersecurite\/#breadcrumb","itemListElement":[{"@type":"ListItem","position":1,"name":"Home","item":"https:\/\/aetsolutions.ca\/fr\/"},{"@type":"ListItem","position":2,"name":"Cybers\u00e9curit\u00e9"}]},{"@type":"WebSite","@id":"https:\/\/aetsolutions.ca\/fr\/#website","url":"https:\/\/aetsolutions.ca\/fr\/","name":"AET Solutions","description":"Des solutions informatiques fiables et s\u00fbres","publisher":{"@id":"https:\/\/aetsolutions.ca\/fr\/#organization"},"potentialAction":[{"@type":"SearchAction","target":{"@type":"EntryPoint","urlTemplate":"https:\/\/aetsolutions.ca\/fr\/?s={search_term_string}"},"query-input":{"@type":"PropertyValueSpecification","valueRequired":true,"valueName":"search_term_string"}}],"inLanguage":"fr-FR"},{"@type":"Organization","@id":"https:\/\/aetsolutions.ca\/fr\/#organization","name":"AET Solutions","url":"https:\/\/aetsolutions.ca\/fr\/","logo":{"@type":"ImageObject","inLanguage":"fr-FR","@id":"https:\/\/aetsolutions.ca\/fr\/#\/schema\/logo\/image\/","url":"https:\/\/aetsolutions.ca\/wp-content\/uploads\/2023\/08\/social.jpg","contentUrl":"https:\/\/aetsolutions.ca\/wp-content\/uploads\/2023\/08\/social.jpg","width":1921,"height":1081,"caption":"AET Solutions"},"image":{"@id":"https:\/\/aetsolutions.ca\/fr\/#\/schema\/logo\/image\/"}}]}},"_links":{"self":[{"href":"https:\/\/aetsolutions.ca\/fr\/wp-json\/wp\/v2\/pages\/521","targetHints":{"allow":["GET"]}}],"collection":[{"href":"https:\/\/aetsolutions.ca\/fr\/wp-json\/wp\/v2\/pages"}],"about":[{"href":"https:\/\/aetsolutions.ca\/fr\/wp-json\/wp\/v2\/types\/page"}],"author":[{"embeddable":true,"href":"https:\/\/aetsolutions.ca\/fr\/wp-json\/wp\/v2\/users\/1"}],"replies":[{"embeddable":true,"href":"https:\/\/aetsolutions.ca\/fr\/wp-json\/wp\/v2\/comments?post=521"}],"version-history":[{"count":7,"href":"https:\/\/aetsolutions.ca\/fr\/wp-json\/wp\/v2\/pages\/521\/revisions"}],"predecessor-version":[{"id":786,"href":"https:\/\/aetsolutions.ca\/fr\/wp-json\/wp\/v2\/pages\/521\/revisions\/786"}],"wp:featuredmedia":[{"embeddable":true,"href":"https:\/\/aetsolutions.ca\/fr\/wp-json\/wp\/v2\/media\/784"}],"wp:attachment":[{"href":"https:\/\/aetsolutions.ca\/fr\/wp-json\/wp\/v2\/media?parent=521"}],"curies":[{"name":"wp","href":"https:\/\/api.w.org\/{rel}","templated":true}]}}